{"id":3,"date":"2026-03-16T11:57:47","date_gmt":"2026-03-16T11:57:47","guid":{"rendered":"http:\/\/www.ycodendauteradio.net\/?page_id=3"},"modified":"2026-03-31T20:37:19","modified_gmt":"2026-03-31T20:37:19","slug":"privacy-policy","status":"publish","type":"page","link":"https:\/\/www.ycodendauteradio.net\/index.php\/privacy-policy\/","title":{"rendered":"T\u00c9RMINOS LEGALES"},"content":{"rendered":"\n<p class=\"has-small-font-size\"><em><strong>CONTENIDOS EN LA WEB YCODENDAUTERADIO.NET<\/strong><\/em><\/p>\n\n\n\n<p class=\"has-drop-cap\">En cumplimiento con el deber de informaci\u00f3n recogido en el art\u00edculo 10 de la Ley 34\/2002, de 11 de julio, de Servicios de la Sociedad de la informaci\u00f3n y del Comercio electr\u00f3nico, a continuaci\u00f3n se reflejan los siguientes datos: la empresa titular de esta web es un dominio registrado de Narciso Ramos Comunicaci\u00f3n SLU (Sociedad Limitada Unipersonal) constituida legalmente en el a\u00f1o 2004 (CIF: B38779229), y cuya sede social est\u00e1 en Icod de los Vinos (Tenerife \u2013 Espa\u00f1a), calle Los Coches, 1 \u2013 2\u00aa planta \u2013 puerta 10, tel\u00e9fonos (34) 822 615 098 y (34) 922 575 197.<\/p>\n\n\n\n<p>Narciso Ramos Comunicaci\u00f3n SLU, como empresa de cuya titularidad depende ycodendauteradio.net, garantiza la licitud, fiabilidad y utilidad de los contenidos que produce directamente, as\u00ed como su veracidad y exactitud. Esta garant\u00eda no afecta a los servicios que terceras partes puedan prestar a trav\u00e9s de ycodendauteradio.net, ni al contenido producido directamente por sus usuarios, que se comprometen a mantener indemne a Narciso Ramos Comunicaci\u00f3n SLU de cuantos litigios pudieran derivarse de su publicaci\u00f3n. Narciso Ramos Comunicaci\u00f3n SLU no garantiza la ausencia de virus inform\u00e1ticos en los servicios prestados por terceros a trav\u00e9s de este sitio web, que puedan alterar su sistema inform\u00e1tico o en los documentos y ficheros electr\u00f3nicos almacenados.<\/p>\n\n\n\n<p>El usuario\/a de ycodendauteradio.net se obliga a no utilizar los servicios de la p\u00e1gina web para la realizaci\u00f3n de actividades contrarias a las leyes, a la moral, al orden p\u00fablico, es decir, a hacer un uso conforme a las presentes condiciones generales. Se obliga asimismo a no realizar actividades publicitarias o de explotaci\u00f3n comercial y a no remitir mensajes utilizando una identidad falsa, as\u00ed como a no camuflar el origen del mensaje.<\/p>\n\n\n\n<p>La web ycodendauteradio.net se reserva el derecho de bloquear el acceso a los usuarios que incumplan reiteradamente con esta disposici\u00f3n. Narciso Ramos Comunicaci\u00f3n SLU no tiene responsabilidad alguna sobre el contenido de los enlaces externos proporcionados a los usuarios, ni puede ofrecer soporte alguno sobre su uso. Narciso Ramos Comunicaci\u00f3n SLU no controla la utilizaci\u00f3n que los usuarios dan a los servicios que se ofrecen, ni garantiza que cumplan estas condiciones.<\/p>\n\n\n\n<p>La web ycodendauteradio.net se reserva el derecho de dejar de prestar cualquiera de los servicios que ofrece, previa notificaci\u00f3n en la pantalla de acceso con diez d\u00edas de antelaci\u00f3n. Tambi\u00e9n se reserva el derecho de modificar unilateralmente y sin necesidad de avisarlo, la presentaci\u00f3n de la p\u00e1gina web y sus servicios. Las presentes condiciones, as\u00ed como la relaci\u00f3n de los usuarios con ycodendauteradio.net est\u00e1n regidas por la legislaci\u00f3n espa\u00f1ola con exclusi\u00f3n de las normas de conflicto aplicables.<\/p>\n\n\n\n<p>El usuario e ycodendauteradio.net se someten expresamente a la jurisdicci\u00f3n exclusiva de los Juzgados de Icod de los Vinos (Tenerife). El hecho de que lavozdetenerifenorte.es no exija o no ejerza cualesquiera derechos o estipulaciones de las presentes condiciones no constituir\u00e1 ni se entender\u00e1 como una renuncia a tales derechos o estipulaciones.<\/p>\n\n\n\n<p>Si un tribunal competente determinara que cualquier estipulaci\u00f3n de las presentes condiciones es nula, las partes convienen que el tribunal deber\u00e1 intentar respetar y hacer efectiva la intenci\u00f3n de las partes reflejada en la referida estipulaci\u00f3n, y que el resto de las estipulaciones conservar\u00e1 su pleno vigor y eficacia. La web ycodendauteradio.net podr\u00e1 utilizar cookies para mejorar al m\u00e1ximo la experiencia de navegaci\u00f3n del usuario.<\/p>\n\n\n\n<p>Las cookies (peque\u00f1as cantidades de informaci\u00f3n que se almacenan en el ordenador o dispositivo del usuario cuando \u00e9ste interacciona con esta web) est\u00e1n asociadas a un ordenador determinado y a un usuario an\u00f3nimo sin facilitar referencias que deduzcan datos personales del usuario. Este podr\u00e1 configurar su navegador para que deniegue la instalaci\u00f3n de las cookies enviadas por ycodendauteradio.net.<\/p>\n\n\n\n<p>Si bien \u00e9stas no usan ning\u00fan dato de car\u00e1cter personal, la configuraci\u00f3n del ordenador desde la que el usuario acceda a la web de ycodendauteradio.net aceptando cookies implica la autorizaci\u00f3n a su uso. Si rechaza todas las cookies es posible que no pueda utilizar y aprovechar todo lo que se ofrece en la web.<\/p>\n","protected":false},"excerpt":{"rendered":"<p>CONTENIDOS EN LA WEB YCODENDAUTERADIO.NET En cumplimiento con el deber de informaci\u00f3n recogido en el art\u00edculo 10 de la Ley 34\/2002, de 11 de julio, de Servicios de la Sociedad de la informaci\u00f3n y del Comercio electr\u00f3nico, a continuaci\u00f3n se reflejan los siguientes datos: la empresa titular de esta web es un dominio registrado de <a class=\"more-link\" href=\"https:\/\/www.ycodendauteradio.net\/index.php\/privacy-policy\/\"><\/a><\/p>\n","protected":false},"author":1,"featured_media":0,"parent":0,"menu_order":0,"comment_status":"closed","ping_status":"open","template":"","meta":{"footnotes":""},"class_list":["post-3","page","type-page","status-publish","hentry"],"_links":{"self":[{"href":"https:\/\/www.ycodendauteradio.net\/index.php\/wp-json\/wp\/v2\/pages\/3","targetHints":{"allow":["GET"]}}],"collection":[{"href":"https:\/\/www.ycodendauteradio.net\/index.php\/wp-json\/wp\/v2\/pages"}],"about":[{"href":"https:\/\/www.ycodendauteradio.net\/index.php\/wp-json\/wp\/v2\/types\/page"}],"author":[{"embeddable":true,"href":"https:\/\/www.ycodendauteradio.net\/index.php\/wp-json\/wp\/v2\/users\/1"}],"replies":[{"embeddable":true,"href":"https:\/\/www.ycodendauteradio.net\/index.php\/wp-json\/wp\/v2\/comments?post=3"}],"version-history":[{"count":2,"href":"https:\/\/www.ycodendauteradio.net\/index.php\/wp-json\/wp\/v2\/pages\/3\/revisions"}],"predecessor-version":[{"id":210,"href":"https:\/\/www.ycodendauteradio.net\/index.php\/wp-json\/wp\/v2\/pages\/3\/revisions\/210"}],"wp:attachment":[{"href":"https:\/\/www.ycodendauteradio.net\/index.php\/wp-json\/wp\/v2\/media?parent=3"}],"curies":[{"name":"wp","href":"https:\/\/api.w.org\/{rel}","templated":true}]}}